{"id":2835,"date":"2026-02-19T07:33:43","date_gmt":"2026-02-19T07:33:43","guid":{"rendered":"https:\/\/lesclesdeprovence.com\/?post_type=product&#038;p=2835"},"modified":"2026-05-15T04:32:19","modified_gmt":"2026-05-15T04:32:19","slug":"planche-mixte-regionale","status":"publish","type":"product","link":"https:\/\/lesclesdeprovence.com\/en\/product\/planche-mixte-regionale\/","title":{"rendered":"Planche Mixte Regionale"},"content":{"rendered":"","protected":false},"excerpt":{"rendered":"<p>Charcuteries fines, fromages affin\u00e9s, sp\u00e9cialit\u00e9s locales du Var, pain artisanal et vin de Provence. Une invitation \u00e0 poser les valises et c\u00e9l\u00e9brer votre arriv\u00e9e en Provence comme il se doit.<\/p>\n<p><em><strong>Photo non contractuelle<\/strong><\/em><\/p>","protected":false},"featured_media":4262,"template":"","meta":[],"product_brand":[],"product_cat":[15],"product_tag":[],"class_list":{"0":"post-2835","1":"product","2":"type-product","3":"status-publish","4":"has-post-thumbnail","6":"product_cat-uncategorized","8":"first","9":"instock","10":"shipping-taxable","11":"purchasable","12":"product-type-variable"},"_links":{"self":[{"href":"https:\/\/lesclesdeprovence.com\/en\/wp-json\/wp\/v2\/product\/2835","targetHints":{"allow":["GET"]}}],"collection":[{"href":"https:\/\/lesclesdeprovence.com\/en\/wp-json\/wp\/v2\/product"}],"about":[{"href":"https:\/\/lesclesdeprovence.com\/en\/wp-json\/wp\/v2\/types\/product"}],"wp:featuredmedia":[{"embeddable":true,"href":"https:\/\/lesclesdeprovence.com\/en\/wp-json\/wp\/v2\/media\/4262"}],"wp:attachment":[{"href":"https:\/\/lesclesdeprovence.com\/en\/wp-json\/wp\/v2\/media?parent=2835"}],"wp:term":[{"taxonomy":"product_brand","embeddable":true,"href":"https:\/\/lesclesdeprovence.com\/en\/wp-json\/wp\/v2\/product_brand?post=2835"},{"taxonomy":"product_cat","embeddable":true,"href":"https:\/\/lesclesdeprovence.com\/en\/wp-json\/wp\/v2\/product_cat?post=2835"},{"taxonomy":"product_tag","embeddable":true,"href":"https:\/\/lesclesdeprovence.com\/en\/wp-json\/wp\/v2\/product_tag?post=2835"}],"curies":[{"name":"wp","href":"https:\/\/api.w.org\/{rel}","templated":true}]}}