{"id":2944,"date":"2026-02-20T08:45:13","date_gmt":"2026-02-20T08:45:13","guid":{"rendered":"https:\/\/lesclesdeprovence.com\/?post_type=product&#038;p=2944"},"modified":"2026-05-15T04:31:52","modified_gmt":"2026-05-15T04:31:52","slug":"panier-garni-vegetarien","status":"publish","type":"product","link":"https:\/\/lesclesdeprovence.com\/en\/product\/panier-garni-vegetarien\/","title":{"rendered":"Panier Garni V\u00e9g\u00e9tarien"},"content":{"rendered":"","protected":false},"excerpt":{"rendered":"<p>Une s\u00e9lection v\u00e9g\u00e9tarienne g\u00e9n\u00e9reuse et color\u00e9e, compos\u00e9e de produits frais du terroir varois, accompagn\u00e9e de boissons \u00e0 votre convenance. Savoureux, \u00e9quilibr\u00e9, 100% local.<\/p>\n<p><em><strong>Photo non contractuelle<\/strong><\/em><\/p>","protected":false},"featured_media":4263,"template":"","meta":[],"product_brand":[],"product_cat":[15],"product_tag":[],"class_list":{"0":"post-2944","1":"product","2":"type-product","3":"status-publish","4":"has-post-thumbnail","6":"product_cat-uncategorized","8":"first","9":"instock","10":"shipping-taxable","11":"purchasable","12":"product-type-variable"},"_links":{"self":[{"href":"https:\/\/lesclesdeprovence.com\/en\/wp-json\/wp\/v2\/product\/2944","targetHints":{"allow":["GET"]}}],"collection":[{"href":"https:\/\/lesclesdeprovence.com\/en\/wp-json\/wp\/v2\/product"}],"about":[{"href":"https:\/\/lesclesdeprovence.com\/en\/wp-json\/wp\/v2\/types\/product"}],"wp:featuredmedia":[{"embeddable":true,"href":"https:\/\/lesclesdeprovence.com\/en\/wp-json\/wp\/v2\/media\/4263"}],"wp:attachment":[{"href":"https:\/\/lesclesdeprovence.com\/en\/wp-json\/wp\/v2\/media?parent=2944"}],"wp:term":[{"taxonomy":"product_brand","embeddable":true,"href":"https:\/\/lesclesdeprovence.com\/en\/wp-json\/wp\/v2\/product_brand?post=2944"},{"taxonomy":"product_cat","embeddable":true,"href":"https:\/\/lesclesdeprovence.com\/en\/wp-json\/wp\/v2\/product_cat?post=2944"},{"taxonomy":"product_tag","embeddable":true,"href":"https:\/\/lesclesdeprovence.com\/en\/wp-json\/wp\/v2\/product_tag?post=2944"}],"curies":[{"name":"wp","href":"https:\/\/api.w.org\/{rel}","templated":true}]}}