{"id":2965,"date":"2026-02-20T09:03:59","date_gmt":"2026-02-20T09:03:59","guid":{"rendered":"https:\/\/lesclesdeprovence.com\/?post_type=product&#038;p=2965"},"modified":"2026-05-15T04:31:29","modified_gmt":"2026-05-15T04:31:29","slug":"le-reveil-malin","status":"publish","type":"product","link":"https:\/\/lesclesdeprovence.com\/en\/product\/le-reveil-malin\/","title":{"rendered":"Le R\u00e9veil Malin"},"content":{"rendered":"","protected":false},"excerpt":{"rendered":"<p>Viennoiseries fra\u00eeches, pains vari\u00e9s, confitures artisanales, jus de fruits, yaourts et fruits frais de saison livr\u00e9s directement \u00e0 votre villa \u00e0 Cotignac. Parce que le premier matin donne le ton de tout un s\u00e9jour.<\/p>\n<p><em><strong>Photo non contractuelle<\/strong><\/em><\/p>","protected":false},"featured_media":4261,"template":"","meta":[],"product_brand":[],"product_cat":[15],"product_tag":[],"class_list":{"0":"post-2965","1":"product","2":"type-product","3":"status-publish","4":"has-post-thumbnail","6":"product_cat-uncategorized","8":"first","9":"instock","10":"shipping-taxable","11":"product-type-simple"},"_links":{"self":[{"href":"https:\/\/lesclesdeprovence.com\/en\/wp-json\/wp\/v2\/product\/2965","targetHints":{"allow":["GET"]}}],"collection":[{"href":"https:\/\/lesclesdeprovence.com\/en\/wp-json\/wp\/v2\/product"}],"about":[{"href":"https:\/\/lesclesdeprovence.com\/en\/wp-json\/wp\/v2\/types\/product"}],"wp:featuredmedia":[{"embeddable":true,"href":"https:\/\/lesclesdeprovence.com\/en\/wp-json\/wp\/v2\/media\/4261"}],"wp:attachment":[{"href":"https:\/\/lesclesdeprovence.com\/en\/wp-json\/wp\/v2\/media?parent=2965"}],"wp:term":[{"taxonomy":"product_brand","embeddable":true,"href":"https:\/\/lesclesdeprovence.com\/en\/wp-json\/wp\/v2\/product_brand?post=2965"},{"taxonomy":"product_cat","embeddable":true,"href":"https:\/\/lesclesdeprovence.com\/en\/wp-json\/wp\/v2\/product_cat?post=2965"},{"taxonomy":"product_tag","embeddable":true,"href":"https:\/\/lesclesdeprovence.com\/en\/wp-json\/wp\/v2\/product_tag?post=2965"}],"curies":[{"name":"wp","href":"https:\/\/api.w.org\/{rel}","templated":true}]}}